{"id":984,"date":"2020-12-01T11:07:33","date_gmt":"2020-12-01T10:07:33","guid":{"rendered":"https:\/\/thelineupbook.com\/introduction\/"},"modified":"2021-01-07T17:59:39","modified_gmt":"2021-01-07T16:59:39","slug":"introduction","status":"publish","type":"page","link":"https:\/\/thelineupbook.com\/en\/introduction\/","title":{"rendered":"Introduction"},"content":{"rendered":"<h1>Wavescapes<\/h1>\n<h1>Project Introduction<\/h1>\n<div>Making of<\/div>\n<h2>\n<p><span style=\"font-weight: 400;\">Selecting is an act of love <\/span><\/p>\n<\/h2>\n<p><img src=\"\/wp-content\/uploads\/6feet29avr15_Masurel_0377-e1606302412678.jpg\" alt=\"\"><\/p>\n<div>\n<p><span style=\"font-weight: 400;\">We asked scores of photographers to take part in this project. Our objective was to collate stunning photos of the best surf spots around the world. Their response was enthusiastic and we were wowed by the selection we received.<br \/><\/span><span style=\"font-weight: 400;\">Our wish was to share with you this incredible gift in a special edition book.<\/span><\/p>\n<p><span style=\"font-weight: 400;\">\u201cLine up\u201d was born.<\/span><\/p>\n<p><span style=\"font-weight: 400;\">We received over 4000 wonderful photos from 60 photographers and had to make a selection according to strict criteria. The key requirement was a minimum of two waves on the picture. This is why we were not able to include some close ups of spectacular waves. We initially shortlisted 1500, then 450 and finally we were left with 180 photos. You can imagine how difficult the next step was, as we could only keep approximately 80 photos before going to print. We were keen to include a variety of landscapes, seasons, countries, and viewing angles, and this helped us make the final cut. In the end, the final decision is always personal and subjective and we hope that you will agree with our choice!<\/span><\/p>\n<\/div>\n<h2><span style=\"font-weight: 400;\">The &#8220;Line up&#8221; team<\/span><\/h2>\n<h2>Creating the book that everyone wants to own\u2026<\/h2>\n<ul>\n<li>\n<p>        <img src=\"\/wp-content\/uploads\/Pierre_Nouqueret-NB.png\" alt=\"\"><\/p>\n<div>Pierre Nouqueret<\/div>\n<p>Author<\/p>\n<div>\n<ul>\n<li>Director of <a href=\"http:\/\/hondarra.com\" target=\"_blank\" rel=\"noopener\">Hondarra<\/a>, communication and sporting events agency.\u00a0<\/li>\n<li>Author of \u00ab\u00a0Perfect Waves\u00a0\u00bb, \u00ab\u00a0The Endless Allure of the Ocean\u00a0\u00bb Abrams Editions<\/li>\n<li>Author of \u00ab\u00a0Vagues\u00a0\u00bb Surf Session Editions<\/li>\n<li>Creator of \u00ab\u00a0Radical Surf\u00a0\u00bb surfing magazine<\/li>\n<li>Former Executive Director of Surfrider Foundation Europe<\/li>\n<\/ul>\n<\/div>\n<\/li>\n<li>\n<p>        <img src=\"\/wp-content\/uploads\/Laurent_Masurel-NB-1.jpg\" alt=\"\"><\/p>\n<div>Laurent Masurel<\/div>\n<p>Director of photography <\/p>\n<div>\n<ul>\n<li>Official photographer of the World Surf League<\/li>\n<li>Author \u00ab\u00a0C\u00f4te \u00e0 C\u00f4t\u00e9\u00a0\u00bb and \u00ab\u00a0Bodysurf\u00a0\u00bb<\/li>\n<li><a href=\"https:\/\/www.facebook.com\/laurent.masurel\" target=\"_blank\" rel=\"noopener\">facebook.com\/laurent.masurel<\/a><\/li>\n<\/ul>\n<\/div>\n<\/li>\n<li>\n<p>        <img src=\"\/wp-content\/uploads\/Fred_Etcheverry.jpg\" alt=\"\"><\/p>\n<div>Fr\u00e9d\u00e9ric Etcheverry<\/div>\n<p>Graphic Designer<\/p>\n<div>\n<ul>\n<li>Director of Izar Design, graphic design agency<\/li>\n<li>Graphic designer and Photographer<\/li>\n<li><a href=\"https:\/\/izardesign.com\/\" target=\"_blank\" rel=\"noopener\">izardesign.com<\/a><\/li>\n<\/ul>\n<\/div>\n<\/li>\n<\/ul>\n<div><span style=\"font-weight: 400;\">A beautiful Book<\/span><\/div>\n<h2>\n<p><span style=\"font-weight: 400;\">Book features <\/span><\/p>\n<p><span style=\"font-weight: 400;\">\u00ab Line up \u00bb<\/span><\/p>\n<\/h2>\n<div>\n<ul>\n<li>De luxe edition<\/li>\n<li>Photos and photographers from around the world<\/li>\n<li>144 pages<\/li>\n<li>170 g paper \/ Hard Cover<\/li>\n<li>Format\u00a0: 37,5 cm x 28,5 cm landscape \/ Open format\u00a0: 80,7cm x 32,5 cm<\/li>\n<li>One photograph per double page<\/li>\n<li>Coffee table book<\/li>\n<\/ul>\n<\/div>\n<p><img src=\"\/wp-content\/uploads\/couverture-presentation.jpg\" alt=\"\"><\/p>\n<div><span style=\"font-weight: 400;\">Enjoy the journey!<\/span><\/div>\n<h2>Waves from all over the world<\/h2>\n<p>\n    <a href=\"\/en\/line-up-le-livre\/\">Order your copy now! <\/a>\n<\/p>\n<p><!-- {\"type\":\"layout\",\"children\":[{\"type\":\"section\",\"props\":{\"style\":\"default\",\"width\":\"large\",\"vertical_align\":\"middle\",\"title_position\":\"center-right\",\"title_rotation\":\"left\",\"title_breakpoint\":\"xl\",\"image_position\":\"top-center\",\"text_color\":\"light\",\"height\":\"percent\",\"padding\":\"none\",\"header_transparent\":\"light\",\"image\":\"wp-content\\\/uploads\\\/Hossegor8oct17_Masurel_015.jpg\",\"header_transparent_noplaceholder\":true,\"title\":\"\",\"image_size\":\"cover\",\"image_effect\":\"parallax\",\"image_width\":\"2560\",\"padding_remove_bottom\":false,\"image_parallax_bgy_start\":\"-5vw\",\"image_parallax_bgy_end\":\"4vw\"},\"children\":[{\"type\":\"row\",\"children\":[{\"type\":\"column\",\"props\":{\"image_position\":\"center-center\",\"media_overlay_gradient\":\"\",\"width_medium\":\"1-1\"},\"children\":[{\"type\":\"headline\",\"props\":{\"title_element\":\"h1\",\"title_style\":\"h2\",\"maxwidth_breakpoint\":\"m\",\"block_align\":\"center\",\"text_align\":\"center\",\"content\":\"Wavescapes\",\"margin_remove_top\":true}},{\"type\":\"headline\",\"props\":{\"title_element\":\"h1\",\"title_style\":\"heading-medium\",\"maxwidth_breakpoint\":\"m\",\"block_align\":\"center\",\"text_align\":\"center\",\"content\":\"Project Introduction\",\"margin_remove_top\":true}}]}]}],\"name\":\"Hero\"},{\"type\":\"section\",\"props\":{\"style\":\"default\",\"width\":\"xlarge\",\"vertical_align\":\"middle\",\"title_position\":\"top-left\",\"title_rotation\":\"left\",\"title_breakpoint\":\"xl\",\"image_position\":\"center-center\",\"padding\":\"large\",\"padding_remove_bottom\":false},\"children\":[{\"type\":\"row\",\"children\":[{\"type\":\"column\",\"props\":{\"image_position\":\"center-center\",\"media_overlay_gradient\":\"\"},\"children\":[{\"type\":\"headline\",\"props\":{\"title_element\":\"div\",\"title_style\":\"h3\",\"margin\":\"small\",\"content\":\"Making of\",\"title_font_family\":\"tertiary\",\"margin_remove_top\":true}},{\"type\":\"headline\",\"props\":{\"title_element\":\"h2\",\"title_style\":\"heading-small\",\"margin\":\"remove-vertical\",\"content\":\"\n\n<p><span style=\\\"font-weight: 400;\\\">Selecting is an act of love <\\\/span><\\\/p>\",\"margin_remove_top\":false,\"margin_remove_bottom\":false}},{\"type\":\"image\",\"props\":{\"margin\":\"default\",\"image_svg_color\":\"emphasis\",\"block_align_breakpoint\":\"m\",\"block_align_fallback\":\"center\",\"animation\":\"none\",\"visibility\":\"m\",\"image\":\"wp-content\\\/uploads\\\/6feet29avr15_Masurel_0377-e1606302412678.jpg\",\"image_box_decoration_inverse\":true,\"parallax_y_start\":\"10vh\",\"parallax_y_end\":\"5vh\"}},{\"type\":\"text\",\"props\":{\"margin\":\"large\",\"column_breakpoint\":\"m\",\"block_align\":\"center\",\"content\":\"\n\n<p><span style=\\\"font-weight: 400;\\\">We asked scores of photographers to take part in this project. Our objective was to collate stunning photos of the best surf spots around the world. Their response was enthusiastic and we were wowed by the selection we received.<br \\\/><\\\/span><span style=\\\"font-weight: 400;\\\">Our wish was to share with you this incredible gift in a special edition book.<\\\/span><\\\/p>\\n\n\n<p><span style=\\\"font-weight: 400;\\\">\\u201cLine up\\u201d was born.<\\\/span><\\\/p>\\n\n\n<p><span style=\\\"font-weight: 400;\\\">We received over 4000 wonderful photos from 60 photographers and had to make a selection according to strict criteria. The key requirement was a minimum of two waves on the picture. This is why we were not able to include some close ups of spectacular waves. We initially shortlisted 1500, then 450 and finally we were left with 180 photos. You can imagine how difficult the next step was, as we could only keep approximately 80 photos before going to print. We were keen to include a variety of landscapes, seasons, countries, and viewing angles, and this helped us make the final cut. In the end, the final decision is always personal and subjective and we hope that you will agree with our choice!<\\\/span><\\\/p>\",\"column\":\"1-2\"}}]}]}],\"name\":\"Making of\",\"modified\":\"2020-12-03T09:03:21.775Z\"},{\"type\":\"section\",\"props\":{\"style\":\"muted\",\"width\":\"xlarge\",\"vertical_align\":\"middle\",\"title_position\":\"top-left\",\"title_rotation\":\"left\",\"title_breakpoint\":\"xl\",\"image_position\":\"center-center\",\"image\":\"wp-content\\\/uploads\\\/circle-bg-01.svg\",\"image_effect\":\"parallax\",\"image_parallax_breakpoint\":\"m\",\"image_visibility\":\"s\",\"image_parallax_bgy_start\":\"10vh\",\"image_parallax_bgy_end\":\"-15vh\",\"padding_remove_top\":false},\"children\":[{\"type\":\"row\",\"props\":{\"margin\":\"xlarge\",\"margin_remove_bottom\":true},\"children\":[{\"type\":\"column\",\"props\":{\"image_position\":\"center-center\",\"media_overlay_gradient\":\"\",\"width_medium\":\"1-1\"},\"children\":[{\"type\":\"headline\",\"props\":{\"title_element\":\"h2\",\"title_style\":\"h3\",\"margin\":\"default\",\"maxwidth\":\"xlarge\",\"block_align\":\"center\",\"text_align\":\"center\",\"content\":\"<span style=\\\"font-weight: 400;\\\">The \\\"Line up\\\" team<\\\/span>\",\"margin_remove_top\":false,\"title_font_family\":\"tertiary\",\"margin_remove_bottom\":false}},{\"type\":\"headline\",\"props\":{\"title_element\":\"h2\",\"title_style\":\"h1\",\"margin\":\"large\",\"maxwidth\":\"xlarge\",\"block_align\":\"center\",\"text_align\":\"center\",\"content\":\"Creating the book that everyone wants to own\\u2026\",\"margin_remove_top\":true}}]}]},{\"type\":\"row\",\"props\":{\"width\":\"xlarge\",\"margin\":\"large\"},\"children\":[{\"type\":\"column\",\"props\":{\"image_position\":\"center-center\",\"media_overlay_gradient\":\"\",\"width_medium\":\"1-1\"},\"children\":[{\"type\":\"grid\",\"props\":{\"show_title\":true,\"show_meta\":true,\"show_content\":true,\"show_image\":true,\"show_link\":true,\"grid_default\":\"1\",\"grid_medium\":\"3\",\"filter_style\":\"tab\",\"filter_all\":true,\"filter_position\":\"top\",\"filter_align\":\"left\",\"filter_grid_width\":\"auto\",\"title_hover_style\":\"reset\",\"title_element\":\"div\",\"title_align\":\"top\",\"title_grid_width\":\"1-2\",\"meta_style\":\"h5\",\"meta_align\":\"below-title\",\"image_align\":\"top\",\"image_grid_width\":\"1-2\",\"image_svg_color\":\"emphasis\",\"link_text\":\"Read more\",\"link_style\":\"default\",\"margin\":\"\",\"item_animation\":\"\",\"grid_small\":\"2\",\"meta_color\":\"muted\",\"meta_margin\":\"small\",\"image_border\":\"circle\",\"block_align\":\"center\",\"text_align\":\"center\",\"image_width\":\"250\",\"image_height\":\"250\",\"grid_column_gap\":\"large\",\"grid_row_gap\":\"large\",\"filter_grid_breakpoint\":\"m\",\"title_grid_breakpoint\":\"m\",\"image_grid_breakpoint\":\"m\",\"icon_width\":80,\"meta_element\":\"div\",\"content_column_breakpoint\":\"m\",\"grid_divider\":false,\"css\":\".el-content {\\n    text-align: left;\\n}\"},\"children\":[{\"type\":\"grid_item\",\"props\":{\"image\":\"wp-content\\\/uploads\\\/Pierre_Nouqueret-NB.png\",\"title\":\"Pierre Nouqueret\",\"meta\":\"Author\",\"content\":\"\n\n<ul>\\n\n\n<li>Director of <a href=\\\"http:\\\/\\\/hondarra.com\\\" target=\\\"_blank\\\" rel=\\\"noopener\\\">Hondarra<\\\/a>, communication and sporting events agency.\\u00a0<\\\/li>\\n\n\n<li>Author of \\u00ab\\u00a0Perfect Waves\\u00a0\\u00bb, \\u00ab\\u00a0The Endless Allure of the Ocean\\u00a0\\u00bb Abrams Editions<\\\/li>\\n\n\n<li>Author of \\u00ab\\u00a0Vagues\\u00a0\\u00bb Surf Session Editions<\\\/li>\\n\n\n<li>Creator of \\u00ab\\u00a0Radical Surf\\u00a0\\u00bb surfing magazine<\\\/li>\\n\n\n<li>Former Executive Director of Surfrider Foundation Europe<\\\/li>\\n<\\\/ul>\"}},{\"type\":\"grid_item\",\"props\":{\"image\":\"wp-content\\\/uploads\\\/Laurent_Masurel-NB-1.jpg\",\"title\":\"Laurent Masurel\",\"meta\":\"Director of photography \",\"content\":\"\n\n<ul>\\n\n\n<li>Official photographer of the World Surf League<\\\/li>\\n\n\n<li>Author \\u00ab\\u00a0C\\u00f4te \\u00e0 C\\u00f4t\\u00e9\\u00a0\\u00bb and \\u00ab\\u00a0Bodysurf\\u00a0\\u00bb<\\\/li>\\n\n\n<li><a href=\\\"https:\\\/\\\/www.facebook.com\\\/laurent.masurel\\\" target=\\\"_blank\\\" rel=\\\"noopener\\\">facebook.com\\\/laurent.masurel<\\\/a><\\\/li>\\n<\\\/ul>\"}},{\"type\":\"grid_item\",\"props\":{\"image\":\"wp-content\\\/uploads\\\/Fred_Etcheverry.jpg\",\"title\":\"Fr\\u00e9d\\u00e9ric Etcheverry\",\"meta\":\"Graphic Designer\",\"content\":\"\n\n<ul>\\n\n\n<li>Director of Izar Design, graphic design agency<\\\/li>\\n\n\n<li>Graphic designer and Photographer<\\\/li>\\n\n\n<li><a href=\\\"https:\\\/\\\/izardesign.com\\\/\\\" target=\\\"_blank\\\" rel=\\\"noopener\\\">izardesign.com<\\\/a><\\\/li>\\n<\\\/ul>\"}}]}]}]}],\"name\":\"Team\"},{\"type\":\"section\",\"props\":{\"style\":\"default\",\"width\":\"xlarge\",\"vertical_align\":\"middle\",\"title_position\":\"top-left\",\"title_rotation\":\"left\",\"title_breakpoint\":\"xl\",\"image_position\":\"center-center\",\"padding_remove_top\":true},\"children\":[{\"type\":\"row\",\"props\":{\"layout\":\"1-2,1-2\"},\"children\":[{\"type\":\"column\",\"props\":{\"image_position\":\"center-center\",\"media_overlay_gradient\":\"\",\"css\":\"@media(min-width: 960px) {\\n\\n    .el-column {\\n        margin-top: 150px;\\n    }\\n\\n}\\n\\n\",\"width_medium\":\"1-2\"},\"children\":[{\"type\":\"headline\",\"props\":{\"title_element\":\"div\",\"title_style\":\"h3\",\"margin\":\"small\",\"maxwidth\":\"large\",\"block_align\":\"center\",\"text_align\":\"left\",\"text_align_breakpoint\":\"m\",\"text_align_fallback\":\"center\",\"content\":\"<span style=\\\"font-weight: 400;\\\">A beautiful Book<\\\/span>\",\"title_font_family\":\"tertiary\"}},{\"type\":\"headline\",\"props\":{\"title_element\":\"h2\",\"title_style\":\"h1\",\"margin\":\"default\",\"maxwidth\":\"large\",\"block_align\":\"center\",\"text_align\":\"left\",\"text_align_breakpoint\":\"m\",\"text_align_fallback\":\"center\",\"content\":\"\n\n<p><span style=\\\"font-weight: 400;\\\">Book features <\\\/span><\\\/p>\\n\n\n<p><span style=\\\"font-weight: 400;\\\">\\u00ab Line up \\u00bb<\\\/span><\\\/p>\",\"margin_remove_top\":true}},{\"type\":\"text\",\"props\":{\"margin\":\"default\",\"column_breakpoint\":\"m\",\"content\":\"\n\n<ul>\\n\n\n<li>De luxe edition<\\\/li>\\n\n\n<li>Photos and photographers from around the world<\\\/li>\\n\n\n<li>144 pages<\\\/li>\\n\n\n<li>170 g paper \\\/ Hard Cover<\\\/li>\\n\n\n<li>Format\\u00a0: 37,5 cm x 28,5 cm landscape \\\/ Open format\\u00a0: 80,7cm x 32,5 cm<\\\/li>\\n\n\n<li>One photograph per double page<\\\/li>\\n\n\n<li>Coffee table book<\\\/li>\\n<\\\/ul>\",\"maxwidth\":\"large\",\"block_align\":\"center\"}}]},{\"type\":\"column\",\"props\":{\"image_position\":\"center-center\",\"media_overlay_gradient\":\"\",\"padding\":\"large\",\"width_medium\":\"1-2\",\"order_first\":\"\",\"vertical_align\":\"middle\"},\"children\":[{\"type\":\"image\",\"props\":{\"margin\":\"default\",\"image_svg_color\":\"emphasis\",\"animation\":\"none\",\"image\":\"wp-content\\\/uploads\\\/couverture-presentation.jpg\",\"image_width\":\"900\",\"image_box_decoration_inverse\":false,\"parallax_breakpoint\":\"m\",\"parallax_y_start\":\"2vh\",\"parallax_y_end\":\"-3vh\"}}]}]}],\"name\":\"Caract\\u00e9ristiques\"},{\"type\":\"section\",\"props\":{\"style\":\"default\",\"width\":\"\",\"vertical_align\":\"middle\",\"title_position\":\"center-right\",\"title_rotation\":\"left\",\"title_breakpoint\":\"l\",\"image_position\":\"center-left\",\"width_expand\":\"left\",\"padding\":\"large\",\"title\":\"DELIVERY ANYWHERE IN THE WORLD\",\"image\":\"\",\"image_size\":\"cover\",\"padding_remove_bottom\":true},\"children\":[{\"type\":\"row\",\"props\":{\"layout\":\"expand,large\"},\"children\":[{\"type\":\"column\",\"props\":{\"image_position\":\"bottom-right\",\"media_overlay_gradient\":\"\",\"text_color\":\"light\",\"padding\":\"large\",\"image\":\"wp-content\\\/uploads\\\/Photo_Profitez_du_spectacle-1.jpg\",\"image_size\":\"cover\",\"image_effect\":\"fixed\",\"image_width\":\"2260\",\"image_parallax_bgy_start\":\"-5vw\",\"image_parallax_bgy_end\":\"4vw\",\"width_large\":\"expand\",\"media_overlay\":\"rgba(0, 0, 0, 0.41)\"},\"children\":[{\"type\":\"headline\",\"props\":{\"title_element\":\"div\",\"title_style\":\"h3\",\"margin\":\"small\",\"text_align\":\"center\",\"content\":\"<span style=\\\"font-weight: 400;\\\">Enjoy the journey!<\\\/span>\"}},{\"type\":\"headline\",\"props\":{\"title_element\":\"h2\",\"title_style\":\"heading-small\",\"margin\":\"large\",\"maxwidth\":\"2xlarge\",\"block_align\":\"center\",\"text_align\":\"center\",\"content\":\"Waves from all over the world\",\"margin_remove_top\":true}},{\"type\":\"button\",\"props\":{\"margin\":\"default\",\"button_size\":\"large\",\"text_align\":\"center\",\"grid_column_gap\":\"small\",\"grid_row_gap\":\"small\"},\"children\":[{\"type\":\"button_item\",\"props\":{\"button_style\":\"default\",\"icon_align\":\"left\",\"content\":\"Order your copy now! \",\"link\":\"en\\\/line-up-le-livre\\\/\"}}]}]},{\"type\":\"column\",\"props\":{\"image_position\":\"center-center\",\"media_overlay_gradient\":\"\",\"width_large\":\"medium\"},\"children\":[]}]}],\"name\":\"Profitez du spectacle\"}],\"version\":\"2.3.25\"} --><\/p>\n","protected":false},"excerpt":{"rendered":"<p>Wavescapes Project Introduction Making of Selecting is an act of love We asked scores of photographers to take part in this project. Our objective was to collate stunning photos of the best surf spots around the world. Their response was enthusiastic and we were wowed by the selection we received.Our wish was to share with [&hellip;]<\/p>\n","protected":false},"author":1,"featured_media":0,"parent":0,"menu_order":2,"comment_status":"closed","ping_status":"closed","template":"","meta":{"spay_email":""},"yoast_head":"<!-- This site is optimized with the Yoast SEO plugin v16.2 - https:\/\/yoast.com\/wordpress\/plugins\/seo\/ -->\n<title>Introduction - Line Up<\/title>\n<meta name=\"robots\" content=\"index, follow, max-snippet:-1, max-image-preview:large, max-video-preview:-1\" \/>\n<link rel=\"canonical\" href=\"https:\/\/thelineupbook.com\/en\/introduction\/\" \/>\n<meta property=\"og:locale\" content=\"en_US\" \/>\n<meta property=\"og:type\" content=\"article\" \/>\n<meta property=\"og:title\" content=\"Introduction - Line Up\" \/>\n<meta property=\"og:description\" content=\"Wavescapes Project Introduction Making of Selecting is an act of love We asked scores of photographers to take part in this project. Our objective was to collate stunning photos of the best surf spots around the world. Their response was enthusiastic and we were wowed by the selection we received.Our wish was to share with [&hellip;]\" \/>\n<meta property=\"og:url\" content=\"https:\/\/thelineupbook.com\/en\/introduction\/\" \/>\n<meta property=\"og:site_name\" content=\"Line Up\" \/>\n<meta property=\"article:publisher\" content=\"https:\/\/www.facebook.com\/The-Line-up-Book-114578713742815\/\" \/>\n<meta property=\"article:modified_time\" content=\"2021-01-07T16:59:39+00:00\" \/>\n<meta property=\"og:image\" content=\"https:\/\/thelineupbook.com\/wp-content\/uploads\/6feet29avr15_Masurel_0377-e1606302412678.jpg\" \/>\n<meta name=\"twitter:card\" content=\"summary_large_image\" \/>\n<meta name=\"twitter:label1\" content=\"Est. reading time\">\n\t<meta name=\"twitter:data1\" content=\"2 minutes\">\n<script type=\"application\/ld+json\" class=\"yoast-schema-graph\">{\"@context\":\"https:\/\/schema.org\",\"@graph\":[{\"@type\":\"WebSite\",\"@id\":\"https:\/\/thelineupbook.com\/#website\",\"url\":\"https:\/\/thelineupbook.com\/\",\"name\":\"Line Up\",\"description\":\"Le livre\",\"potentialAction\":[{\"@type\":\"SearchAction\",\"target\":\"https:\/\/thelineupbook.com\/?s={search_term_string}\",\"query-input\":\"required name=search_term_string\"}],\"inLanguage\":\"en-US\"},{\"@type\":\"ImageObject\",\"@id\":\"https:\/\/thelineupbook.com\/en\/introduction\/#primaryimage\",\"inLanguage\":\"en-US\",\"url\":\"\/wp-content\/uploads\/6feet29avr15_Masurel_0377-e1606302412678.jpg\",\"contentUrl\":\"\/wp-content\/uploads\/6feet29avr15_Masurel_0377-e1606302412678.jpg\"},{\"@type\":\"WebPage\",\"@id\":\"https:\/\/thelineupbook.com\/en\/introduction\/#webpage\",\"url\":\"https:\/\/thelineupbook.com\/en\/introduction\/\",\"name\":\"Introduction - Line Up\",\"isPartOf\":{\"@id\":\"https:\/\/thelineupbook.com\/#website\"},\"primaryImageOfPage\":{\"@id\":\"https:\/\/thelineupbook.com\/en\/introduction\/#primaryimage\"},\"datePublished\":\"2020-12-01T10:07:33+00:00\",\"dateModified\":\"2021-01-07T16:59:39+00:00\",\"breadcrumb\":{\"@id\":\"https:\/\/thelineupbook.com\/en\/introduction\/#breadcrumb\"},\"inLanguage\":\"en-US\",\"potentialAction\":[{\"@type\":\"ReadAction\",\"target\":[\"https:\/\/thelineupbook.com\/en\/introduction\/\"]}]},{\"@type\":\"BreadcrumbList\",\"@id\":\"https:\/\/thelineupbook.com\/en\/introduction\/#breadcrumb\",\"itemListElement\":[{\"@type\":\"ListItem\",\"position\":1,\"item\":{\"@type\":\"WebPage\",\"@id\":\"https:\/\/thelineupbook.com\/en\/\",\"url\":\"https:\/\/thelineupbook.com\/en\/\",\"name\":\"Accueil\"}},{\"@type\":\"ListItem\",\"position\":2,\"item\":{\"@id\":\"https:\/\/thelineupbook.com\/en\/introduction\/#webpage\"}}]}]}<\/script>\n<!-- \/ Yoast SEO plugin. -->","_links":{"self":[{"href":"https:\/\/thelineupbook.com\/en\/wp-json\/wp\/v2\/pages\/984"}],"collection":[{"href":"https:\/\/thelineupbook.com\/en\/wp-json\/wp\/v2\/pages"}],"about":[{"href":"https:\/\/thelineupbook.com\/en\/wp-json\/wp\/v2\/types\/page"}],"author":[{"embeddable":true,"href":"https:\/\/thelineupbook.com\/en\/wp-json\/wp\/v2\/users\/1"}],"replies":[{"embeddable":true,"href":"https:\/\/thelineupbook.com\/en\/wp-json\/wp\/v2\/comments?post=984"}],"version-history":[{"count":27,"href":"https:\/\/thelineupbook.com\/en\/wp-json\/wp\/v2\/pages\/984\/revisions"}],"predecessor-version":[{"id":1409,"href":"https:\/\/thelineupbook.com\/en\/wp-json\/wp\/v2\/pages\/984\/revisions\/1409"}],"wp:attachment":[{"href":"https:\/\/thelineupbook.com\/en\/wp-json\/wp\/v2\/media?parent=984"}],"curies":[{"name":"wp","href":"https:\/\/api.w.org\/{rel}","templated":true}]}}