{"id":1067,"date":"2020-12-03T09:11:41","date_gmt":"2020-12-03T08:11:41","guid":{"rendered":"https:\/\/thelineupbook.com\/legals\/"},"modified":"2020-12-03T09:12:43","modified_gmt":"2020-12-03T08:12:43","slug":"legals","status":"publish","type":"page","link":"https:\/\/thelineupbook.com\/en\/legals\/","title":{"rendered":"Legals"},"content":{"rendered":"<h1>Legals<\/h1>\n<div>\n<p>Le<strong>\u00a0site Internet thelineupbook.com<\/strong> est \u00e9dit\u00e9 par la SARL Agence Hondarra dont le si\u00e8ge social est situ\u00e9 7 avenue Jean-Paul Bagn\u00e8res, Biarritz 64200 France, inscrite au RCS de Bayonne sous le num\u00e9ro 512 539 891 000 14 au capital social de 1 000 euros.<br \/>Le Responsable de la publication du Site est Monsieur Pierre Nouqueret.<br \/>Le site est con\u00e7u et r\u00e9alis\u00e9 par <a href=\"https:\/\/atelier51.com\" target=\"_blank\" rel=\"noopener\">Atelier 51<\/a> \u00e0 Bordeaux.\u00a0 <br \/>Le site est h\u00e9berg\u00e9 par OVH &#8211; 2 Rue Kellermann, 59100 Roubaix<br \/>Pour nous contacter : infos@hondarra.com<br \/>Nous sommes \u00e9galement \u00e0 votre disposition du lundi au vendredi de 09h00 \u00e0 17h00 au <strong>05 59 48 45 30. <\/strong><\/p>\n<p>Photographies site web &#8220;\u00a9\u00a0Laurent Masurel&#8221;.\u00a0<\/p>\n<h2>1. Limitation de responsabilit\u00e9<\/h2>\n<p>L\u2019utilisateur du site internet \u00ab www.thelineupbook.com \u00bb reconna\u00eet disposer de la comp\u00e9tence et des moyens n\u00e9cessaires pour acc\u00e9der et utiliser ce site.<br \/>L\u2019utilisateur du site internet \u00abwww.thelineupbook.com\u00bb reconna\u00eet avoir v\u00e9rifi\u00e9 que la configuration informatique utilis\u00e9e ne contient aucun virus et qu\u2019elle est en parfait \u00e9tat de fonctionnement. L\u2019agence Hondarra met tout en \u0153uvre pour offrir aux utilisateurs des informations et\/ou des outils disponibles et v\u00e9rifi\u00e9s mais ne saurait \u00eatre tenue pour responsable des erreurs, d\u2019une absence de disponibilit\u00e9 des fonctionnalit\u00e9s et\/ou de la pr\u00e9sence de virus sur son site.<\/p>\n<h2>2. Informatique et Libert\u00e9s<\/h2>\n<p>L\u2019utilisateur est notamment inform\u00e9 que conform\u00e9ment \u00e0 l\u2019article 32 de la loi n\u00b078-17 du 6 janvier 1978 modifi\u00e9e, relative \u00e0 l\u2019informatique, aux fichiers et aux libert\u00e9s, les informations qu\u2019il communique par le biais des formulaires pr\u00e9sents sur le site sont n\u00e9cessaires pour r\u00e9pondre \u00e0 sa demande et sont destin\u00e9es \u00e0 l\u2019agence Hondarra en tant que responsable du traitement \u00e0 des fins de gestion administrative et commerciale.<br \/>L\u2019utilisateur est inform\u00e9 qu\u2019il dispose d\u2019un droit d\u2019acc\u00e8s, d\u2019interrogation et de rectification qui lui permet, le cas \u00e9ch\u00e9ant, de faire rectifier, compl\u00e9ter, mettre \u00e0 jour, verrouiller ou effacer les donn\u00e9es personnelles le concernant qui sont inexactes, incompl\u00e8tes, \u00e9quivoques, p\u00e9rim\u00e9es ou dont la collecte, l\u2019utilisation, la communication ou la conservation est interdite.<\/p>\n<p>L\u2019utilisateur dispose \u00e9galement d\u2019un droit d\u2019opposition au traitement de ses donn\u00e9es pour des motifs l\u00e9gitimes ainsi qu\u2019un droit d\u2019opposition \u00e0 ce que ces donn\u00e9es soient utilis\u00e9es \u00e0 des fins de prospection commerciale.<br \/>L\u2019ensemble de ces droits s\u2019exerce aupr\u00e8s de l\u2019agence Hondarra par courrier accompagn\u00e9 d\u2019une copie d\u2019un titre d\u2019identit\u00e9 comportant une signature \u00e0 adresser \u00e0 :<\/p>\n<p>AGENCE HONDARRA <br \/>5 All\u00e9e de la Licorne<br \/>Anglet 64600<br \/>TEL : (+33)5.59.48.45.30<\/p>\n<h2>3. Propri\u00e9t\u00e9 intellectuelle<\/h2>\n<p>Toute repr\u00e9sentation totale ou partielle de ce site par quelle que personne que ce soit, sans l\u2019autorisation expresse de l\u2019agence Hondarra est interdite et constituerait une contrefa\u00e7on sanctionn\u00e9e par les articles L. 335-2 et suivants du Code de la propri\u00e9t\u00e9 intellectuelle.<br \/>Les marques de l\u2019agence Hondarra et de ses partenaires, ainsi que les logos figurant sur le site sont des marques d\u00e9pos\u00e9es.<br \/>Toute reproduction totale ou partielle de ces marques ou de ces logos effectu\u00e9s \u00e0 partir des \u00e9l\u00e9ments du site sans l\u2019autorisation expresse de l\u2019agence Hondarra est donc prohib\u00e9e au sens du Code de la propri\u00e9t\u00e9 intellectuelle.<br \/>L\u2019agence Hondarra ne saurait \u00eatre responsable de l\u2019acc\u00e8s par les utilisateurs via les liens hypertextes mis en place dans le cadre du site internet en direction d\u2019autres ressources pr\u00e9sentes sur le r\u00e9seau.<br \/>Tout litige en relation avec l\u2019utilisation du site \u00ab www.thelineupbook.com\u00bb est soumis au droit fran\u00e7ais. L\u2019utilisateur reconna\u00eet la comp\u00e9tence exclusive du tribunal de commerce de Bayonne.<\/p>\n<h2>Cookies<\/h2>\n<p><strong>Pr\u00e9sence de Cookies<\/strong>. Lorsque vous naviguez sur le site <a href=\"http:\/\/www.thelineupbook.com\">www.thelineupbook.com<\/a> des informations sont susceptibles d&#8217;\u00eatre enregistr\u00e9es ou lues dans votre terminal (ordinateur, smartphone) par des traceurs. Ces traceurs prennent la forme de \u00ab Cookies \u00bb et vont collecter un certain nombre de donn\u00e9es, personnelles ou non.<\/p>\n<p><strong>R\u00e8glementation<\/strong>. En application de la r\u00e8glementation, le d\u00e9p\u00f4t des Cookies n\u00e9cessite en principe votre consentement pr\u00e9alable, \u00e0 l\u2019exception des Cookies strictement n\u00e9cessaires \u00e0 la fourniture d\u2019un service de communication en ligne \u00e0 votre demande (cookies &#8220;identifiants de session&#8221; par exemple). En tout \u00e9tat de cause, la dur\u00e9e de vie d\u2019un Cookie ne peut \u00eatre sup\u00e9rieure \u00e0 13 mois. Pour plus d\u2019informations \u00e0 ce sujet, nous vous invitons \u00e0 suivre le lien d\u2019information suivant : https:\/\/www.cnil.fr\/fr\/site-web-cookies-et-autres-traceurs.<\/p>\n<p><strong>Int\u00e9r\u00eat des Cookies<\/strong>. Les Cookies peuvent notamment servir \u00e0 mesurer l\u2019audience du Site web, \u00e0 vous permettre de vous identifier ou d\u2019utiliser certaines fonctionnalit\u00e9s du Site Internet, \u00e0 suivre votre activit\u00e9 et g\u00e9n\u00e9rer des donn\u00e9es d\u2019audience et, plus g\u00e9n\u00e9ralement, pour am\u00e9liorer le service offert par les Sites Web.<\/p>\n<p><strong>Responsabilit\u00e9<\/strong>. Nous vous indiquons toutefois que le refus de certains Cookies est susceptible de limiter l\u2019acc\u00e8s au Site ou \u00e0 certaines de ses fonctionnalit\u00e9s, sans que la responsabilit\u00e9 de l\u2019agence Hondarra ne puisse \u00eatre engag\u00e9e \u00e0 ce titre.<\/p>\n<\/div>\n<p><!-- {\"type\":\"layout\",\"children\":[{\"type\":\"section\",\"props\":{\"style\":\"default\",\"width\":\"small\",\"vertical_align\":\"middle\",\"title_position\":\"top-left\",\"title_rotation\":\"left\",\"title_breakpoint\":\"xl\",\"image_position\":\"center-center\"},\"children\":[{\"type\":\"row\",\"children\":[{\"type\":\"column\",\"props\":{\"image_position\":\"center-center\",\"media_overlay_gradient\":\"\"},\"children\":[{\"type\":\"headline\",\"props\":{\"title_element\":\"h1\",\"content\":\"Legals\",\"title_style\":\"heading-small\"}},{\"type\":\"text\",\"props\":{\"margin\":\"default\",\"column_breakpoint\":\"m\",\"content\":\"\n\n<p>Le<strong>\\u00a0site Internet thelineupbook.com<\\\/strong> est \\u00e9dit\\u00e9 par la SARL Agence Hondarra dont le si\\u00e8ge social est situ\\u00e9 7 avenue Jean-Paul Bagn\\u00e8res, Biarritz 64200 France, inscrite au RCS de Bayonne sous le num\\u00e9ro 512 539 891 000 14 au capital social de 1 000 euros.<br \\\/>Le Responsable de la publication du Site est Monsieur Pierre Nouqueret.<br \\\/>Le site est con\\u00e7u et r\\u00e9alis\\u00e9 par <a href=\\\"https:\\\/\\\/atelier51.com\\\" target=\\\"_blank\\\" rel=\\\"noopener\\\">Atelier 51<\\\/a> \\u00e0 Bordeaux.\\u00a0 <br \\\/>Le site est h\\u00e9berg\\u00e9 par OVH - 2 Rue Kellermann, 59100 Roubaix<br \\\/>Pour nous contacter : infos@hondarra.com<br \\\/>Nous sommes \\u00e9galement \\u00e0 votre disposition du lundi au vendredi de 09h00 \\u00e0 17h00 au <strong>05 59 48 45 30. <\\\/strong><br \\\/><br \\\/><\\\/p>\\n\n\n<p>Photographies site web \\\"\\u00a9\\u00a0Laurent Masurel\\\".\\u00a0<\\\/p>\\n\n\n<h2>1. Limitation de responsabilit\\u00e9<\\\/h2>\\n\n\n<p>L\\u2019utilisateur du site internet \\u00ab www.thelineupbook.com \\u00bb reconna\\u00eet disposer de la comp\\u00e9tence et des moyens n\\u00e9cessaires pour acc\\u00e9der et utiliser ce site.<br \\\/>L\\u2019utilisateur du site internet \\u00abwww.thelineupbook.com\\u00bb reconna\\u00eet avoir v\\u00e9rifi\\u00e9 que la configuration informatique utilis\\u00e9e ne contient aucun virus et qu\\u2019elle est en parfait \\u00e9tat de fonctionnement. L\\u2019agence Hondarra met tout en \\u0153uvre pour offrir aux utilisateurs des informations et\\\/ou des outils disponibles et v\\u00e9rifi\\u00e9s mais ne saurait \\u00eatre tenue pour responsable des erreurs, d\\u2019une absence de disponibilit\\u00e9 des fonctionnalit\\u00e9s et\\\/ou de la pr\\u00e9sence de virus sur son site.<\\\/p>\\n\n\n<h2>2. Informatique et Libert\\u00e9s<\\\/h2>\\n\n\n<p>L\\u2019utilisateur est notamment inform\\u00e9 que conform\\u00e9ment \\u00e0 l\\u2019article 32 de la loi n\\u00b078-17 du 6 janvier 1978 modifi\\u00e9e, relative \\u00e0 l\\u2019informatique, aux fichiers et aux libert\\u00e9s, les informations qu\\u2019il communique par le biais des formulaires pr\\u00e9sents sur le site sont n\\u00e9cessaires pour r\\u00e9pondre \\u00e0 sa demande et sont destin\\u00e9es \\u00e0 l\\u2019agence Hondarra en tant que responsable du traitement \\u00e0 des fins de gestion administrative et commerciale.<br \\\/>L\\u2019utilisateur est inform\\u00e9 qu\\u2019il dispose d\\u2019un droit d\\u2019acc\\u00e8s, d\\u2019interrogation et de rectification qui lui permet, le cas \\u00e9ch\\u00e9ant, de faire rectifier, compl\\u00e9ter, mettre \\u00e0 jour, verrouiller ou effacer les donn\\u00e9es personnelles le concernant qui sont inexactes, incompl\\u00e8tes, \\u00e9quivoques, p\\u00e9rim\\u00e9es ou dont la collecte, l\\u2019utilisation, la communication ou la conservation est interdite.<br \\\/><br \\\/>L\\u2019utilisateur dispose \\u00e9galement d\\u2019un droit d\\u2019opposition au traitement de ses donn\\u00e9es pour des motifs l\\u00e9gitimes ainsi qu\\u2019un droit d\\u2019opposition \\u00e0 ce que ces donn\\u00e9es soient utilis\\u00e9es \\u00e0 des fins de prospection commerciale.<br \\\/>L\\u2019ensemble de ces droits s\\u2019exerce aupr\\u00e8s de l\\u2019agence Hondarra par courrier accompagn\\u00e9 d\\u2019une copie d\\u2019un titre d\\u2019identit\\u00e9 comportant une signature \\u00e0 adresser \\u00e0 :<br \\\/><br \\\/>AGENCE HONDARRA <br \\\/>5 All\\u00e9e de la Licorne<br \\\/>Anglet 64600<br \\\/>TEL : (+33)5.59.48.45.30<\\\/p>\\n\n\n<h2>3. Propri\\u00e9t\\u00e9 intellectuelle<\\\/h2>\\n\n\n<p>Toute repr\\u00e9sentation totale ou partielle de ce site par quelle que personne que ce soit, sans l\\u2019autorisation expresse de l\\u2019agence Hondarra est interdite et constituerait une contrefa\\u00e7on sanctionn\\u00e9e par les articles L. 335-2 et suivants du Code de la propri\\u00e9t\\u00e9 intellectuelle.<br \\\/>Les marques de l\\u2019agence Hondarra et de ses partenaires, ainsi que les logos figurant sur le site sont des marques d\\u00e9pos\\u00e9es.<br \\\/>Toute reproduction totale ou partielle de ces marques ou de ces logos effectu\\u00e9s \\u00e0 partir des \\u00e9l\\u00e9ments du site sans l\\u2019autorisation expresse de l\\u2019agence Hondarra est donc prohib\\u00e9e au sens du Code de la propri\\u00e9t\\u00e9 intellectuelle.<br \\\/>L\\u2019agence Hondarra ne saurait \\u00eatre responsable de l\\u2019acc\\u00e8s par les utilisateurs via les liens hypertextes mis en place dans le cadre du site internet en direction d\\u2019autres ressources pr\\u00e9sentes sur le r\\u00e9seau.<br \\\/>Tout litige en relation avec l\\u2019utilisation du site \\u00ab www.thelineupbook.com\\u00bb est soumis au droit fran\\u00e7ais. L\\u2019utilisateur reconna\\u00eet la comp\\u00e9tence exclusive du tribunal de commerce de Bayonne.<\\\/p>\\n\n\n<h2>Cookies<\\\/h2>\\n\n\n<p><strong>Pr\\u00e9sence de Cookies<\\\/strong>. Lorsque vous naviguez sur le site <a href=\\\"http:\\\/\\\/www.thelineupbook.com\\\">www.thelineupbook.com<\\\/a> des informations sont susceptibles d'\\u00eatre enregistr\\u00e9es ou lues dans votre terminal (ordinateur, smartphone) par des traceurs. Ces traceurs prennent la forme de \\u00ab Cookies \\u00bb et vont collecter un certain nombre de donn\\u00e9es, personnelles ou non.<\\\/p>\\n\n\n<p><strong>R\\u00e8glementation<\\\/strong>. En application de la r\\u00e8glementation, le d\\u00e9p\\u00f4t des Cookies n\\u00e9cessite en principe votre consentement pr\\u00e9alable, \\u00e0 l\\u2019exception des Cookies strictement n\\u00e9cessaires \\u00e0 la fourniture d\\u2019un service de communication en ligne \\u00e0 votre demande (cookies \\\"identifiants de session\\\" par exemple). En tout \\u00e9tat de cause, la dur\\u00e9e de vie d\\u2019un Cookie ne peut \\u00eatre sup\\u00e9rieure \\u00e0 13 mois. Pour plus d\\u2019informations \\u00e0 ce sujet, nous vous invitons \\u00e0 suivre le lien d\\u2019information suivant : https:\\\/\\\/www.cnil.fr\\\/fr\\\/site-web-cookies-et-autres-traceurs.<\\\/p>\\n\n\n<p><strong>Int\\u00e9r\\u00eat des Cookies<\\\/strong>. Les Cookies peuvent notamment servir \\u00e0 mesurer l\\u2019audience du Site web, \\u00e0 vous permettre de vous identifier ou d\\u2019utiliser certaines fonctionnalit\\u00e9s du Site Internet, \\u00e0 suivre votre activit\\u00e9 et g\\u00e9n\\u00e9rer des donn\\u00e9es d\\u2019audience et, plus g\\u00e9n\\u00e9ralement, pour am\\u00e9liorer le service offert par les Sites Web.<\\\/p>\\n\n\n<p><strong>Responsabilit\\u00e9<\\\/strong>. Nous vous indiquons toutefois que le refus de certains Cookies est susceptible de limiter l\\u2019acc\\u00e8s au Site ou \\u00e0 certaines de ses fonctionnalit\\u00e9s, sans que la responsabilit\\u00e9 de l\\u2019agence Hondarra ne puisse \\u00eatre engag\\u00e9e \\u00e0 ce titre.<\\\/p>\"}}]}]}]}],\"version\":\"2.3.19\"} --><\/p>\n","protected":false},"excerpt":{"rendered":"<p>Legals Le\u00a0site Internet thelineupbook.com est \u00e9dit\u00e9 par la SARL Agence Hondarra dont le si\u00e8ge social est situ\u00e9 7 avenue Jean-Paul Bagn\u00e8res, Biarritz 64200 France, inscrite au RCS de Bayonne sous le num\u00e9ro 512 539 891 000 14 au capital social de 1 000 euros.Le Responsable de la publication du Site est Monsieur Pierre Nouqueret.Le site [&hellip;]<\/p>\n","protected":false},"author":1,"featured_media":0,"parent":0,"menu_order":0,"comment_status":"closed","ping_status":"closed","template":"","meta":{"spay_email":""},"yoast_head":"<!-- This site is optimized with the Yoast SEO plugin v16.2 - https:\/\/yoast.com\/wordpress\/plugins\/seo\/ -->\n<title>Legals - Line Up<\/title>\n<meta name=\"robots\" content=\"index, follow, max-snippet:-1, max-image-preview:large, max-video-preview:-1\" \/>\n<link rel=\"canonical\" href=\"https:\/\/thelineupbook.com\/en\/legals\/\" \/>\n<meta property=\"og:locale\" content=\"en_US\" \/>\n<meta property=\"og:type\" content=\"article\" \/>\n<meta property=\"og:title\" content=\"Legals - Line Up\" \/>\n<meta property=\"og:description\" content=\"Legals Le\u00a0site Internet thelineupbook.com est \u00e9dit\u00e9 par la SARL Agence Hondarra dont le si\u00e8ge social est situ\u00e9 7 avenue Jean-Paul Bagn\u00e8res, Biarritz 64200 France, inscrite au RCS de Bayonne sous le num\u00e9ro 512 539 891 000 14 au capital social de 1 000 euros.Le Responsable de la publication du Site est Monsieur Pierre Nouqueret.Le site [&hellip;]\" \/>\n<meta property=\"og:url\" content=\"https:\/\/thelineupbook.com\/en\/legals\/\" \/>\n<meta property=\"og:site_name\" content=\"Line Up\" \/>\n<meta property=\"article:publisher\" content=\"https:\/\/www.facebook.com\/The-Line-up-Book-114578713742815\/\" \/>\n<meta property=\"article:modified_time\" content=\"2020-12-03T08:12:43+00:00\" \/>\n<meta name=\"twitter:card\" content=\"summary_large_image\" \/>\n<meta name=\"twitter:label1\" content=\"Est. reading time\">\n\t<meta name=\"twitter:data1\" content=\"4 minutes\">\n<script type=\"application\/ld+json\" class=\"yoast-schema-graph\">{\"@context\":\"https:\/\/schema.org\",\"@graph\":[{\"@type\":\"WebSite\",\"@id\":\"https:\/\/thelineupbook.com\/#website\",\"url\":\"https:\/\/thelineupbook.com\/\",\"name\":\"Line Up\",\"description\":\"Le livre\",\"potentialAction\":[{\"@type\":\"SearchAction\",\"target\":\"https:\/\/thelineupbook.com\/?s={search_term_string}\",\"query-input\":\"required name=search_term_string\"}],\"inLanguage\":\"en-US\"},{\"@type\":\"WebPage\",\"@id\":\"https:\/\/thelineupbook.com\/en\/legals\/#webpage\",\"url\":\"https:\/\/thelineupbook.com\/en\/legals\/\",\"name\":\"Legals - Line Up\",\"isPartOf\":{\"@id\":\"https:\/\/thelineupbook.com\/#website\"},\"datePublished\":\"2020-12-03T08:11:41+00:00\",\"dateModified\":\"2020-12-03T08:12:43+00:00\",\"breadcrumb\":{\"@id\":\"https:\/\/thelineupbook.com\/en\/legals\/#breadcrumb\"},\"inLanguage\":\"en-US\",\"potentialAction\":[{\"@type\":\"ReadAction\",\"target\":[\"https:\/\/thelineupbook.com\/en\/legals\/\"]}]},{\"@type\":\"BreadcrumbList\",\"@id\":\"https:\/\/thelineupbook.com\/en\/legals\/#breadcrumb\",\"itemListElement\":[{\"@type\":\"ListItem\",\"position\":1,\"item\":{\"@type\":\"WebPage\",\"@id\":\"https:\/\/thelineupbook.com\/en\/\",\"url\":\"https:\/\/thelineupbook.com\/en\/\",\"name\":\"Accueil\"}},{\"@type\":\"ListItem\",\"position\":2,\"item\":{\"@id\":\"https:\/\/thelineupbook.com\/en\/legals\/#webpage\"}}]}]}<\/script>\n<!-- \/ Yoast SEO plugin. -->","_links":{"self":[{"href":"https:\/\/thelineupbook.com\/en\/wp-json\/wp\/v2\/pages\/1067"}],"collection":[{"href":"https:\/\/thelineupbook.com\/en\/wp-json\/wp\/v2\/pages"}],"about":[{"href":"https:\/\/thelineupbook.com\/en\/wp-json\/wp\/v2\/types\/page"}],"author":[{"embeddable":true,"href":"https:\/\/thelineupbook.com\/en\/wp-json\/wp\/v2\/users\/1"}],"replies":[{"embeddable":true,"href":"https:\/\/thelineupbook.com\/en\/wp-json\/wp\/v2\/comments?post=1067"}],"version-history":[{"count":2,"href":"https:\/\/thelineupbook.com\/en\/wp-json\/wp\/v2\/pages\/1067\/revisions"}],"predecessor-version":[{"id":1069,"href":"https:\/\/thelineupbook.com\/en\/wp-json\/wp\/v2\/pages\/1067\/revisions\/1069"}],"wp:attachment":[{"href":"https:\/\/thelineupbook.com\/en\/wp-json\/wp\/v2\/media?parent=1067"}],"curies":[{"name":"wp","href":"https:\/\/api.w.org\/{rel}","templated":true}]}}